{"id":848,"date":"2015-10-08T21:56:35","date_gmt":"2015-10-08T20:56:35","guid":{"rendered":"http:\/\/angelinecroissant.com\/?page_id=848"},"modified":"2023-11-10T09:52:25","modified_gmt":"2023-11-10T08:52:25","slug":"bio","status":"publish","type":"page","link":"http:\/\/angelinecroissant.com\/index.php\/bio\/","title":{"rendered":""},"content":{"rendered":"<p style=\"padding-left: 80px;\"><img decoding=\"async\" loading=\"lazy\" class=\"wp-image-1425  alignright\" src=\"http:\/\/angelinecroissant.com\/wp-content\/uploads\/2023\/11\/photo-CV.jpg\" alt=\"\" width=\"360\" height=\"360\" srcset=\"http:\/\/angelinecroissant.com\/wp-content\/uploads\/2023\/11\/photo-CV.jpg 2048w, http:\/\/angelinecroissant.com\/wp-content\/uploads\/2023\/11\/photo-CV-300x300.jpg 300w, http:\/\/angelinecroissant.com\/wp-content\/uploads\/2023\/11\/photo-CV-640x640.jpg 640w, http:\/\/angelinecroissant.com\/wp-content\/uploads\/2023\/11\/photo-CV-150x150.jpg 150w, http:\/\/angelinecroissant.com\/wp-content\/uploads\/2023\/11\/photo-CV-768x768.jpg 768w, http:\/\/angelinecroissant.com\/wp-content\/uploads\/2023\/11\/photo-CV-1536x1536.jpg 1536w, http:\/\/angelinecroissant.com\/wp-content\/uploads\/2023\/11\/photo-CV-960x960.jpg 960w, http:\/\/angelinecroissant.com\/wp-content\/uploads\/2023\/11\/photo-CV-720x720.jpg 720w\" sizes=\"(max-width: 360px) 100vw, 360px\" \/><\/p>\n<h1>Ang\u00e9line CROISSANT<\/h1>\n<p><strong>Sc\u00e9nographe, plasticienne, et designer<\/strong> depuis 2013 &#8211; \u00e0 Nantes<\/p>\n<p>06.83.97.00.34 \/\/ <strong>angeline.croissant@gmail.com<\/strong><\/p>\n<p>\u00a0<\/p>\n<p>\u00a0<\/p>\n<p>\u00a0<\/p>\n<p><em>\u00a0<\/em><\/p>\n<p>\u00a0<\/p>\n\n\n<hr class=\"wp-block-separator has-css-opacity is-style-default\"\/>\n\n\n\n<figure class=\"wp-block-image\"><img alt=\"\"\/><\/figure>\n\n\n\n<div class=\"wp-block-columns alignfull has-text-color has-background is-layout-flex wp-container-4\" style=\"color:#000000;background-color:#ffffff\">\n<div class=\"wp-block-column is-vertically-aligned-top is-layout-flow\">\n<h3 class=\"wp-block-heading\" style=\"font-size:24px;line-height:1.3\">&gt; <strong>Conception  <\/strong> <\/h3>\n\n\n\n<ul>\n<li>Sc\u00e9nographie \/ D\u00e9cor <\/li>\n\n\n\n<li>Accessoires<\/li>\n\n\n\n<li>Mobilier <\/li>\n\n\n\n<li>Image <\/li>\n<\/ul>\n<\/div>\n\n\n\n<div class=\"wp-block-column is-vertically-aligned-top is-layout-flow\">\n<h3 class=\"wp-block-heading\" style=\"font-size:24px;line-height:1.3\">&gt; <strong>R\u00e9alisation<\/strong><\/h3>\n\n\n\n<ul>\n<li>Suivi de construction <\/li>\n\n\n\n<li>R\u00e9alisation d&rsquo;accessoires<\/li>\n\n\n\n<li>Maitrise de patine, moulage et sculpture<\/li>\n<\/ul>\n<\/div>\n\n\n\n<div class=\"wp-block-column is-vertically-aligned-top is-layout-flow\">\n<h3 class=\"wp-block-heading\" style=\"font-size:24px;line-height:1.3\">&gt; Atelier<\/h3>\n\n\n\n<ul>\n<li>Animation d&rsquo;atelier, de workshop autour de la sc\u00e9nographie et du design<\/li>\n\n\n\n<li><\/li>\n\n\n\n<li><\/li>\n\n\n\n<li>Aide \u00e0 la conception<\/li>\n<\/ul>\n<\/div>\n<\/div>\n\n\n\n<figure class=\"wp-block-image size-large\"><a href=\"http:\/\/angelinecroissant.com\/wp-content\/uploads\/2017\/04\/170417_RdL_0112.jpg\"><img decoding=\"async\" loading=\"lazy\" width=\"2560\" height=\"1067\" src=\"http:\/\/angelinecroissant.com\/wp-content\/uploads\/2023\/11\/170417_RdL_0112-edited-scaled.jpg\" alt=\"\" class=\"wp-image-1458\" srcset=\"http:\/\/angelinecroissant.com\/wp-content\/uploads\/2023\/11\/170417_RdL_0112-edited-scaled.jpg 2560w, http:\/\/angelinecroissant.com\/wp-content\/uploads\/2023\/11\/170417_RdL_0112-edited-768x320.jpg 768w, http:\/\/angelinecroissant.com\/wp-content\/uploads\/2023\/11\/170417_RdL_0112-edited-1536x640.jpg 1536w, http:\/\/angelinecroissant.com\/wp-content\/uploads\/2023\/11\/170417_RdL_0112-edited-2048x854.jpg 2048w, http:\/\/angelinecroissant.com\/wp-content\/uploads\/2023\/11\/170417_RdL_0112-edited-1280x534.jpg 1280w\" sizes=\"(max-width: 2560px) 100vw, 2560px\" \/><\/a><\/figure>\n\n\n\n<figure class=\"wp-block-image\"><img alt=\"\"\/><\/figure>\n\n\n\n<p><\/p>\n\n\n\n<p><\/p>\n\n\n\n<p><\/p>\n\n\n\n<p><\/p>\n\n\n\n<div class=\"wp-block-columns is-layout-flex wp-container-8\">\n<div class=\"wp-block-column is-layout-flow\">\n<p><\/p>\n\n\n\n<p><strong><mark style=\"background-color:rgba(0, 0, 0, 0)\" class=\"has-inline-color has-luminous-vivid-orange-color\">Ang\u00e9line Croissant<\/mark>, <\/strong>plasticienne, sc\u00e9nographe et accessoiriste, est dipl\u00f4m\u00e9e de l\u2019\u00c9cole europ\u00e9enne sup\u00e9rieure d\u2019art de Bretagne. Son travail de fin d&rsquo;\u00e9tude porte sur <em>Le d\u00e9savantage du vent<\/em> d\u2019\u00c9ric Ruf avec deux com\u00e9diens (une installation son et lumi\u00e8re, aquarelles, paysages sonores, cartographie)<\/p>\n\n\n\n<p>Suite \u00e0 son dipl\u00f4me, elle participe aux cr\u00e9ations de Jean-Fran\u00e7ois Sivadier, Dominique Pitoiset, et Christine Letailleur en tant que stagiaire en sc\u00e9nographie et accessoires au Th\u00e9\u00e2tre National de Bretagne, et aux cr\u00e9ations d\u2019\u00c9ric Lacascade, <em>Oncle Vania<\/em> de Tchekhov et <em>les Bas fonds <\/em>de Gorki. Elle accompagne la cr\u00e9ation du <em>Hamlet <\/em>de Daniel Mesguich, et travaille r\u00e9guli\u00e8rement au Conservatoire National Sup\u00e9rieur d\u2019Art Dramatique en tant que r\u00e9gisseuse g\u00e9n\u00e9rale, accessoiriste ou sc\u00e9nographe pour Nada Strancar et Sandy Ouvrier.<\/p>\n\n\n\n<p>Comme plasticienne, elle collabore r\u00e9guli\u00e8rement aux projets de Philippe Berthom\u00e9, cr\u00e9ateur lumi\u00e8re.<\/p>\n\n\n\n<p>Comme sc\u00e9nographe, ses recherches portent sur la repr\u00e9sentation th\u00e9\u00e2trale contemporaine et sur la place du public dans les dispositifs sc\u00e9niques.<\/p>\n\n\n\n<p>Depuis 2015, elle travaille avec la metteuse en sc\u00e8ne No\u00e9mie Rosenblatt pour la Compagnie du Rouhault. Elle signe les sc\u00e9nographies de <em>Demain d\u00e8s l<\/em>\u2019<em>aube<\/em> de Pierre Notte, J\u2019<em>appelle mes fr\u00e8res <\/em>de Jonas Hassen Khemiri, <em>Odyss\u00e9es 2020 <\/em>triptyque pi\u00e8ces courtes \u00e9crites par Baptiste Amann, Mariette Navarro et Yann Verburgh, <em>Succession<\/em> d\u2019Arnaud Catherine. <\/p>\n<\/div>\n\n\n\n<div class=\"wp-block-column is-layout-flow\">\n<p><\/p>\n\n\n\n<p>Elle travaille actuellement sur le prochain spectacle de la compagnie, <em>L\u2019ordre des choses, <\/em>une adaptation de <em>Pot Bouille<\/em> de Zola.<\/p>\n\n\n\n<p>Elle a cr\u00e9\u00e9 la sc\u00e9nographie pour <em>Le cercle de craie<\/em> d\u2019Emmanuel Besnault d\u2019apr\u00e8s Klabund et Li Xingdao, puis celle d\u2019 <em>Ivanov<\/em> d\u2019apr\u00e8s Anton Tchekhov dans une nouvelle traduction et adaptation Emmanuel Besnault et Yuriy Zavalnyouk.<\/p>\n\n\n\n<p>En 2021, elle cr\u00e9e la sc\u00e9nographie de <em>J<\/em>\u2019<em>aime<\/em> de Nane Beauregard, adapt\u00e9, mis en sc\u00e8ne et interpr\u00e9t\u00e9 par Laure Werckmann, qu&rsquo;elle accompagne sur sc\u00e8ne, et travaille actuellement sur sa prochaine cr\u00e9ation <em>Croire aux fauves.<\/em><\/p>\n\n\n\n<p>Pour le jeune public, elle signe la sc\u00e9nographie d\u2019<em>\u00c9mus des mots<\/em> \u00e9crit par Laurent Montel, et de <em>Motmsique<\/em> pour la compagnie Ensemble Fa7. Pour la compagnie du Th\u00e9\u00e2tre Mordor\u00e9, elle signe la sc\u00e9nographie de <em>Quasimodo <\/em>et<em> Jack et le Haricot magique <\/em>\u00e9crit et mis en sc\u00e8ne par Sarah Gabrielle, actuellement en tourn\u00e9e. Et elle vient de cr\u00e9er le d\u00e9cor d\u2019<em>Hansel et Gretel <\/em>mis en sc\u00e8ne par Beno\u00eet Lavigne au Th\u00e9\u00e2tre du Lucernaire.<\/p>\n\n\n\n<p>Elle anime des workshops et des ateliers autour de la sc\u00e9nographie pour tout public. Elle pense et m\u00e8ne des ateliers avec la dramath\u00e9rapuete Fanny Mougel &#8211; directrice de la compagnie Rafale.<\/p>\n\n\n\n<p>Designer, elle con\u00e7oit des espaces collectifs pour enfants, imaginant des objets et mobiliers pour l&rsquo;univers scolaire, et enseigne \u00e0 Lisaa \u2013 Ecole de design \u00e0 Rennes.<\/p>\n\n\n\n<p><\/p>\n\n\n\n<p><\/p>\n\n\n\n<ul class=\"wp-block-social-links is-layout-flex\"><\/ul>\n<\/div>\n<\/div>\n\n\n\n<p><\/p>\n","protected":false},"excerpt":{"rendered":"<p>Ang\u00e9line CROISSANT Sc\u00e9nographe, plasticienne, et designer depuis 2013 &#8211; \u00e0 Nantes 06.83.97.00.34 \/\/ angeline.croissant@gmail.com \u00a0 \u00a0 \u00a0 \u00a0 \u00a0 &gt; Conception &gt; R\u00e9alisation &gt; Atelier Ang\u00e9line Croissant, plasticienne, sc\u00e9nographe et accessoiriste, est dipl\u00f4m\u00e9e de l\u2019\u00c9cole europ\u00e9enne sup\u00e9rieure d\u2019art de Bretagne. Son travail de fin d&rsquo;\u00e9tude porte sur Le d\u00e9savantage du vent d\u2019\u00c9ric Ruf avec deux [&hellip;]<\/p>\n","protected":false},"author":1,"featured_media":0,"parent":0,"menu_order":0,"comment_status":"closed","ping_status":"closed","template":"","meta":[],"_links":{"self":[{"href":"http:\/\/angelinecroissant.com\/index.php\/wp-json\/wp\/v2\/pages\/848"}],"collection":[{"href":"http:\/\/angelinecroissant.com\/index.php\/wp-json\/wp\/v2\/pages"}],"about":[{"href":"http:\/\/angelinecroissant.com\/index.php\/wp-json\/wp\/v2\/types\/page"}],"author":[{"embeddable":true,"href":"http:\/\/angelinecroissant.com\/index.php\/wp-json\/wp\/v2\/users\/1"}],"replies":[{"embeddable":true,"href":"http:\/\/angelinecroissant.com\/index.php\/wp-json\/wp\/v2\/comments?post=848"}],"version-history":[{"count":41,"href":"http:\/\/angelinecroissant.com\/index.php\/wp-json\/wp\/v2\/pages\/848\/revisions"}],"predecessor-version":[{"id":1469,"href":"http:\/\/angelinecroissant.com\/index.php\/wp-json\/wp\/v2\/pages\/848\/revisions\/1469"}],"wp:attachment":[{"href":"http:\/\/angelinecroissant.com\/index.php\/wp-json\/wp\/v2\/media?parent=848"}],"curies":[{"name":"wp","href":"https:\/\/api.w.org\/{rel}","templated":true}]}}